{"id":121,"date":"2023-08-02T19:09:00","date_gmt":"2023-08-02T19:09:00","guid":{"rendered":"https:\/\/stevensonsquare.info\/?page_id=121"},"modified":"2024-01-18T17:49:09","modified_gmt":"2024-01-18T17:49:09","slug":"development","status":"publish","type":"page","link":"https:\/\/stevensonsquare.info\/es\/development\/","title":{"rendered":"Desarrollo"},"content":{"rendered":"<div class=\"wp-block-buttons is-layout-flex wp-block-buttons-is-layout-flex\"><\/div>\n\n\n\n<h2 class=\"wp-block-heading has-text-align-center\">Desarrollo<\/h2>\n\n\n\n<p class=\"has-text-align-center\">Stevenson Square es un desarrollo de varias fases, que incluye seis nuevos edificios de uso mixto que incluyen alquiler, propiedad de vivienda y viviendas para personas mayores, todos los cuales ser\u00e1n asequibles. Cuando est\u00e9 terminado, Stevenson Square incluir\u00e1 una variedad de tama\u00f1os de unidades y rangos de ingresos. El proyecto incluir\u00e1 nuevos espacios recreativos que incluyen un \u00e1rea de juegos sensorial, canchas de tenis de \u00faltima generaci\u00f3n, \u00e1reas para sentarse y senderos peatonales que conectan las avenidas Seward y Lafayette. Las nuevas comodidades estar\u00e1n disponibles para los residentes de la propiedad existente, los nuevos desarrollos y la comunidad de Soundview en general.<\/p>\n\n\n\n<div style=\"height:24px\" aria-hidden=\"true\" class=\"wp-block-spacer\"><\/div>\n\n\n\n<div class=\"wp-block-buttons is-content-justification-center is-layout-flex wp-container-core-buttons-is-layout-16018d1d wp-block-buttons-is-layout-flex\">\n<div class=\"wp-block-button\"><a class=\"wp-block-button__link wp-element-button\" href=\"https:\/\/stevensonsquare.info\/es\/development\/homeownership\/\">p\u00e1gina de propiedad de vivienda<\/a><\/div>\n<\/div>\n\n\n\n<div class=\"wp-block-buttons is-content-justification-center is-layout-flex wp-container-core-buttons-is-layout-16018d1d wp-block-buttons-is-layout-flex\">\n<div class=\"wp-block-button\"><a class=\"wp-block-button__link wp-element-button\" href=\"https:\/\/stevensonsquare.info\/es\/development\/senior\/\">p\u00e1gina de personas mayores<\/a><\/div>\n<\/div>\n\n\n\n<div class=\"wp-block-buttons is-content-justification-center is-layout-flex wp-container-core-buttons-is-layout-16018d1d wp-block-buttons-is-layout-flex\">\n<div class=\"wp-block-button\"><a class=\"wp-block-button__link wp-element-button\" href=\"https:\/\/stevensonsquare.info\/es\/development\/neighborhood-amenities\/\">p\u00e1gina de servicios de alquiler<\/a><\/div>\n<\/div>","protected":false},"excerpt":{"rendered":"<p>Development Stevenson Square is a multi-phase development, inclusive of six new mixed-use buildings including rental, homeownership, and senior housing which will all be affordable.&nbsp; When completed, Stevenson Square will include a variety of unit sizes and income ranges. The project will include new recreation spaces including a sensory playground, state of the art tennis courts, [&hellip;]<\/p>\n","protected":false},"author":1,"featured_media":0,"parent":0,"menu_order":0,"comment_status":"closed","ping_status":"closed","template":"","meta":{"_coblocks_attr":"","_coblocks_dimensions":"","_coblocks_responsive_height":"","_coblocks_accordion_ie_support":"","hide_page_title":"","footnotes":""},"class_list":["post-121","page","type-page","status-publish","hentry"],"jetpack_sharing_enabled":true,"_links":{"self":[{"href":"https:\/\/stevensonsquare.info\/es\/wp-json\/wp\/v2\/pages\/121","targetHints":{"allow":["GET"]}}],"collection":[{"href":"https:\/\/stevensonsquare.info\/es\/wp-json\/wp\/v2\/pages"}],"about":[{"href":"https:\/\/stevensonsquare.info\/es\/wp-json\/wp\/v2\/types\/page"}],"author":[{"embeddable":true,"href":"https:\/\/stevensonsquare.info\/es\/wp-json\/wp\/v2\/users\/1"}],"replies":[{"embeddable":true,"href":"https:\/\/stevensonsquare.info\/es\/wp-json\/wp\/v2\/comments?post=121"}],"version-history":[{"count":9,"href":"https:\/\/stevensonsquare.info\/es\/wp-json\/wp\/v2\/pages\/121\/revisions"}],"predecessor-version":[{"id":268,"href":"https:\/\/stevensonsquare.info\/es\/wp-json\/wp\/v2\/pages\/121\/revisions\/268"}],"wp:attachment":[{"href":"https:\/\/stevensonsquare.info\/es\/wp-json\/wp\/v2\/media?parent=121"}],"curies":[{"name":"wp","href":"https:\/\/api.w.org\/{rel}","templated":true}]}}