{"id":123,"date":"2023-08-02T19:09:31","date_gmt":"2023-08-02T19:09:31","guid":{"rendered":"https:\/\/stevensonsquare.info\/?page_id=123"},"modified":"2025-07-10T02:26:34","modified_gmt":"2025-07-10T02:26:34","slug":"homeownership","status":"publish","type":"page","link":"https:\/\/stevensonsquare.info\/es\/development\/homeownership\/","title":{"rendered":"Propiedad de la vivienda"},"content":{"rendered":"<h2 class=\"wp-block-heading has-text-align-center\">Propiedad de La Vivienda (B5 y B6)<\/h2>\n\n\n\n<figure class=\"wp-block-image size-large\"><img loading=\"lazy\" decoding=\"async\" width=\"1024\" height=\"579\" src=\"https:\/\/stevensonsquare.info\/wp-content\/uploads\/2025\/07\/sc-b5-1024x579.jpg\" alt=\"\" class=\"wp-image-316\" srcset=\"https:\/\/stevensonsquare.info\/wp-content\/uploads\/2025\/07\/sc-b5-1024x579.jpg 1024w, https:\/\/stevensonsquare.info\/wp-content\/uploads\/2025\/07\/sc-b5-300x170.jpg 300w, https:\/\/stevensonsquare.info\/wp-content\/uploads\/2025\/07\/sc-b5-768x434.jpg 768w, https:\/\/stevensonsquare.info\/wp-content\/uploads\/2025\/07\/sc-b5-1536x869.jpg 1536w, https:\/\/stevensonsquare.info\/wp-content\/uploads\/2025\/07\/sc-b5-18x10.jpg 18w, https:\/\/stevensonsquare.info\/wp-content\/uploads\/2025\/07\/sc-b5.jpg 1920w\" sizes=\"auto, (max-width: 1024px) 100vw, 1024px\" \/><figcaption class=\"wp-element-caption\">Edificio B5 (izquierda) y Edificio B6 (derecha)<\/figcaption><\/figure>\n\n\n\n<figure class=\"wp-block-image size-large\"><img loading=\"lazy\" decoding=\"async\" width=\"1024\" height=\"589\" src=\"https:\/\/stevensonsquare.info\/wp-content\/uploads\/2025\/07\/sc-b5b6-int-1024x589.jpg\" alt=\"\" class=\"wp-image-318\" srcset=\"https:\/\/stevensonsquare.info\/wp-content\/uploads\/2025\/07\/sc-b5b6-int-1024x589.jpg 1024w, https:\/\/stevensonsquare.info\/wp-content\/uploads\/2025\/07\/sc-b5b6-int-300x173.jpg 300w, https:\/\/stevensonsquare.info\/wp-content\/uploads\/2025\/07\/sc-b5b6-int-768x442.jpg 768w, https:\/\/stevensonsquare.info\/wp-content\/uploads\/2025\/07\/sc-b5b6-int-1536x883.jpg 1536w, https:\/\/stevensonsquare.info\/wp-content\/uploads\/2025\/07\/sc-b5b6-int-18x10.jpg 18w, https:\/\/stevensonsquare.info\/wp-content\/uploads\/2025\/07\/sc-b5b6-int.jpg 1920w\" sizes=\"auto, (max-width: 1024px) 100vw, 1024px\" \/><figcaption class=\"wp-element-caption\">Vista interior de la sala de estar<\/figcaption><\/figure>\n\n\n\n<p class=\"has-medium-font-size\"><strong>Edificios 5 y 6: Vivienda Asequible<\/strong><\/p>\n\n\n\n<p>Los edificios 5 y 6 (B5 y B6) de Stevenson Square, ubicados en Seward Avenue 1843 y 1847, ofrecer\u00e1n un total de 58 unidades cooperativas asequibles, desarrolladas de acuerdo con el Programa de Puertas Abiertas del HPD. Los edificios contar\u00e1n con unidades de una, dos y tres habitaciones, disponibles para hogares con un ingreso m\u00e1ximo del 70% al 80% del Ingreso Medio del \u00c1rea (AMI). Camber se ha asociado con H\u00e1bitat para la Humanidad de la Ciudad de Nueva York para brindar educaci\u00f3n y asistencia a futuros compradores de vivienda. El plazo de solicitud para unidades cooperativas se abrir\u00e1 el 26 de junio de 2026 en Housing Connect. Se espera que la construcci\u00f3n finalice en octubre de 2025 y que la mudanza comience a finales de ese mismo a\u00f1o. A continuaci\u00f3n, se detallan los precios de venta promedio y los costos mensuales de vivienda por hogar, desglosados \u200b\u200bpor tama\u00f1o de habitaci\u00f3n:<\/p>\n\n\n\n<p><\/p>\n\n\n\n<p><\/p>\n\n\n\n<p class=\"has-medium-font-size\"><strong>Precio de Venta y Costos Mensuales<\/strong><\/p>\n\n\n\n<div style=\"height:24px\" aria-hidden=\"true\" class=\"wp-block-spacer\"><\/div>\n\n\n\n<figure class=\"wp-block-table alignwide\"><table class=\"has-fixed-layout\"><tbody><tr><td><strong>Tama\u00f1o de La Habitaci\u00f3n<\/strong><\/td><td><strong>N\u00famero de Unidades<\/strong><\/td><td><strong>Tama\u00f1o M\u00e1ximo del Hogar<\/strong><\/td><td><strong>Precio Medio de Compra<\/strong><\/td><td><strong>Pago Mensual Promedio<\/strong><\/td><td><strong>M\u00e1ximo AMI<\/strong><\/td><td><strong>L\u00edmite M\u00e1ximo de Ingresos<\/strong><\/td><\/tr><tr><td>1 Dormitorio<\/td><td>11<\/td><td>3 personas<\/td><td>$145,632<\/td><td>$1,731<\/td><td>70%<\/td><td>$102,060<\/td><\/tr><tr><td>2 Dormitorio<\/td><td>31<\/td><td>5 personas<\/td><td>$207,239<\/td><td>$2,320<\/td><td>80%<\/td><td>$140,000<\/td><\/tr><tr><td>3 Dormitorio<\/td><td>16<\/td><td>7 personas<\/td><td>$237,745<\/td><td>$2,741<\/td><td>80%<\/td><td>$160,720<\/td><\/tr><\/tbody><\/table><figcaption class=\"wp-element-caption\">*Incluye hipoteca, mantenimiento y servicios p\u00fablicos <br>**Los l\u00edmites m\u00e1ximos de ingresos dependen del tama\u00f1o del hogar<\/figcaption><\/figure>\n\n\n\n<p><\/p>\n\n\n\n<div class=\"wp-block-buttons is-content-justification-center is-layout-flex wp-container-core-buttons-is-layout-16018d1d wp-block-buttons-is-layout-flex\">\n<div class=\"wp-block-button\"><a class=\"wp-block-button__link wp-element-button\" href=\"https:\/\/stevensonsquare.info\/es\/\">pagina de inicio<\/a><\/div>\n<\/div>","protected":false},"excerpt":{"rendered":"<p>Homeownership (B5 &amp; B6) Buildings 5 and 6: Affordable Homeownership Buildings 5 and 6 (B5 and B6) at Stevenson Square, located at 1843 and 1847 Seward Avenue, will provide a total of 58 affordable cooperative (coop) units developed in accordance with HPD\u2019s Open Door Program. The buildings will have a mix of one, two, and [&hellip;]<\/p>\n","protected":false},"author":1,"featured_media":0,"parent":121,"menu_order":0,"comment_status":"closed","ping_status":"closed","template":"","meta":{"_coblocks_attr":"","_coblocks_dimensions":"","_coblocks_responsive_height":"","_coblocks_accordion_ie_support":"","hide_page_title":"","footnotes":""},"class_list":["post-123","page","type-page","status-publish","hentry"],"jetpack_sharing_enabled":true,"_links":{"self":[{"href":"https:\/\/stevensonsquare.info\/es\/wp-json\/wp\/v2\/pages\/123","targetHints":{"allow":["GET"]}}],"collection":[{"href":"https:\/\/stevensonsquare.info\/es\/wp-json\/wp\/v2\/pages"}],"about":[{"href":"https:\/\/stevensonsquare.info\/es\/wp-json\/wp\/v2\/types\/page"}],"author":[{"embeddable":true,"href":"https:\/\/stevensonsquare.info\/es\/wp-json\/wp\/v2\/users\/1"}],"replies":[{"embeddable":true,"href":"https:\/\/stevensonsquare.info\/es\/wp-json\/wp\/v2\/comments?post=123"}],"version-history":[{"count":26,"href":"https:\/\/stevensonsquare.info\/es\/wp-json\/wp\/v2\/pages\/123\/revisions"}],"predecessor-version":[{"id":354,"href":"https:\/\/stevensonsquare.info\/es\/wp-json\/wp\/v2\/pages\/123\/revisions\/354"}],"up":[{"embeddable":true,"href":"https:\/\/stevensonsquare.info\/es\/wp-json\/wp\/v2\/pages\/121"}],"wp:attachment":[{"href":"https:\/\/stevensonsquare.info\/es\/wp-json\/wp\/v2\/media?parent=123"}],"curies":[{"name":"wp","href":"https:\/\/api.w.org\/{rel}","templated":true}]}}