{"id":133,"date":"2023-08-02T19:16:46","date_gmt":"2023-08-02T19:16:46","guid":{"rendered":"https:\/\/stevensonsquare.info\/?page_id=133"},"modified":"2025-03-19T21:12:43","modified_gmt":"2025-03-19T21:12:43","slug":"neighborhood-amenities","status":"publish","type":"page","link":"https:\/\/stevensonsquare.info\/es\/development\/neighborhood-amenities\/","title":{"rendered":"Alquileres y comodidades del vecindario"},"content":{"rendered":"<h2 class=\"wp-block-heading has-text-align-center\">Alquileres asequibles y comodidades en el vecindario <\/h2>\n\n\n<div class=\"wp-block-image\">\n<figure class=\"aligncenter size-full\"><img loading=\"lazy\" decoding=\"async\" width=\"905\" height=\"546\" src=\"https:\/\/stevensonsquare.info\/wp-content\/uploads\/2023\/12\/image-12.png\" alt=\"\" class=\"wp-image-191\" srcset=\"https:\/\/stevensonsquare.info\/wp-content\/uploads\/2023\/12\/image-12.png 905w, https:\/\/stevensonsquare.info\/wp-content\/uploads\/2023\/12\/image-12-300x181.png 300w, https:\/\/stevensonsquare.info\/wp-content\/uploads\/2023\/12\/image-12-768x463.png 768w, https:\/\/stevensonsquare.info\/wp-content\/uploads\/2023\/12\/image-12-18x12.png 18w\" sizes=\"auto, (max-width: 905px) 100vw, 905px\" \/><figcaption class=\"wp-element-caption\">Concepto de dise\u00f1o de fases futuras<\/figcaption><\/figure>\n<\/div>\n\n\n<p>Las pr\u00f3ximas fases de los nuevos desarrollos en Stevenson Commons ofrecer\u00e1n m\u00e1s de 650+ apartamentos asequibles adicionales, distribuidos en tres edificios, con tama\u00f1os que van desde estudios hasta apartamentos de tres habitaciones. Las unidades estar\u00e1n disponibles para familias con ingresos bajos y moderados y se dise\u00f1ar\u00e1n seg\u00fan los pliegos de condiciones y est\u00e1ndares del Departamento de Vivienda y Desarrollo Urbano (HPD). Se espera que la construcci\u00f3n de las pr\u00f3ximas fases comience en 2026.<\/p>\n\n\n\n<p><\/p>\n\n\n\n<p>Estas fases incluir\u00e1n servicios b\u00e1sicos para todos los residentes de Stevenson Commons, as\u00ed como para la comunidad de Soundview. Estos servicios incluir\u00e1n guarder\u00edas y un \u00e1rea de juegos infantiles, preescolar universal, nuevas canchas de tenis, un espacio comunitario para el profesorado, zonas de descanso y un nuevo acceso peatonal entre las avenidas Lafayette y Seward. <\/p>\n\n\n\n<div style=\"height:24px\" aria-hidden=\"true\" class=\"wp-block-spacer\"><\/div>\n\n\n\n<div class=\"wp-block-buttons is-content-justification-center is-layout-flex wp-container-core-buttons-is-layout-16018d1d wp-block-buttons-is-layout-flex\">\n<div class=\"wp-block-button\"><a class=\"wp-block-button__link wp-element-button\" href=\"https:\/\/stevensonsquare.info\/es\/\">pagina de inicio<\/a><\/div>\n<\/div>","protected":false},"excerpt":{"rendered":"<p>Affordable Rentals &amp; Neighborhood Amenities Future phases of the new developments at Stevenson Commons will provide an additional 650+ new affordable apartments, distributed across 3 buildings and with unit sizes ranging from studios to 3-beds. Units will be available to low- and moderate-income households and will be designed according to HPD term sheets and standards. [&hellip;]<\/p>\n","protected":false},"author":1,"featured_media":0,"parent":121,"menu_order":0,"comment_status":"closed","ping_status":"closed","template":"","meta":{"_coblocks_attr":"","_coblocks_dimensions":"","_coblocks_responsive_height":"","_coblocks_accordion_ie_support":"","hide_page_title":"","footnotes":""},"class_list":["post-133","page","type-page","status-publish","hentry"],"jetpack_sharing_enabled":true,"_links":{"self":[{"href":"https:\/\/stevensonsquare.info\/es\/wp-json\/wp\/v2\/pages\/133","targetHints":{"allow":["GET"]}}],"collection":[{"href":"https:\/\/stevensonsquare.info\/es\/wp-json\/wp\/v2\/pages"}],"about":[{"href":"https:\/\/stevensonsquare.info\/es\/wp-json\/wp\/v2\/types\/page"}],"author":[{"embeddable":true,"href":"https:\/\/stevensonsquare.info\/es\/wp-json\/wp\/v2\/users\/1"}],"replies":[{"embeddable":true,"href":"https:\/\/stevensonsquare.info\/es\/wp-json\/wp\/v2\/comments?post=133"}],"version-history":[{"count":8,"href":"https:\/\/stevensonsquare.info\/es\/wp-json\/wp\/v2\/pages\/133\/revisions"}],"predecessor-version":[{"id":308,"href":"https:\/\/stevensonsquare.info\/es\/wp-json\/wp\/v2\/pages\/133\/revisions\/308"}],"up":[{"embeddable":true,"href":"https:\/\/stevensonsquare.info\/es\/wp-json\/wp\/v2\/pages\/121"}],"wp:attachment":[{"href":"https:\/\/stevensonsquare.info\/es\/wp-json\/wp\/v2\/media?parent=133"}],"curies":[{"name":"wp","href":"https:\/\/api.w.org\/{rel}","templated":true}]}}