{"id":137,"date":"2023-08-02T19:17:12","date_gmt":"2023-08-02T19:17:12","guid":{"rendered":"https:\/\/stevensonsquare.info\/?page_id=137"},"modified":"2025-07-10T02:31:58","modified_gmt":"2025-07-10T02:31:58","slug":"faqs","status":"publish","type":"page","link":"https:\/\/stevensonsquare.info\/es\/faqs\/","title":{"rendered":"preguntas frecuentes"},"content":{"rendered":"<h1 class=\"wp-block-heading has-text-align-center\">preguntas frecuentes<\/h1>\n\n\n\n<div class=\"wp-block-coblocks-faq\" itemscope itemtype=\"https:\/\/schema.org\/FAQPage\">\n<h4 class=\"wp-block-heading wp-block-coblocks-faq__heading\">Stevenson Square<\/h4>\n\n\n\n<details class=\"wp-block-coblocks-faq-item\" itemprop=\"mainEntity\" itemscope itemtype=\"https:\/\/schema.org\/Question\"><summary class=\"wp-block-coblocks-faq-item__question\" itemprop=\"name\"><div class=\"wp-block-coblocks-faq-item__question__content\"><br>\u00bfC\u00f3mo y cu\u00e1ndo puedo inscribirme para solicitar la nueva vivienda?<\/div><svg fill=\"none\" viewbox=\"0 0 24 24\" xmlns=\"http:\/\/www.w3.org\/2000\/svg\" width=\"24\" height=\"24\" class=\"wp-block-coblocks-faq-item__question__icon\" aria-hidden=\"true\"><path fill=\"currentColor\" fill-rule=\"evenodd\" clip-rule=\"evenodd\" d=\"M19.39 14.99l-1.41 1.41L12 10.43 6.02 16.4l-1.41-1.41L12 7.6l7.39 7.39z\"><\/path><\/svg><\/summary><div class=\"wp-block-coblocks-faq-item__answer\" itemprop=\"acceptedAnswer\" itemscope itemtype=\"https:\/\/schema.org\/Answer\"><div itemprop=\"text\">\n<p>Las solicitudes se procesar\u00e1n a trav\u00e9s de NYC Housing Connect: housingconnect.nyc.gov. Las solicitudes para viviendas asequibles en cooperativas (B5 y 6) ya est\u00e1n disponibles <a href=\"https:\/\/housingconnect.nyc.gov\/PublicWeb\/details\/7003\" target=\"_blank\" rel=\"noreferrer noopener\">aqu\u00ed.<\/a>Las solicitudes para unidades asequibles para personas mayores (B4) estar\u00e1n disponibles a mediados de julio.<\/p>\n<\/div><\/div><\/details>\n\n\n\n<details class=\"wp-block-coblocks-faq-item\" itemprop=\"mainEntity\" itemscope itemtype=\"https:\/\/schema.org\/Question\"><summary class=\"wp-block-coblocks-faq-item__question\" itemprop=\"name\"><div class=\"wp-block-coblocks-faq-item__question__content\"><br>\u00bfQui\u00e9n califica para vivir en las nuevas cooperativas asequibles (B5 y 6)? &nbsp;<\/div><svg fill=\"none\" viewbox=\"0 0 24 24\" xmlns=\"http:\/\/www.w3.org\/2000\/svg\" width=\"24\" height=\"24\" class=\"wp-block-coblocks-faq-item__question__icon\" aria-hidden=\"true\"><path fill=\"currentColor\" fill-rule=\"evenodd\" clip-rule=\"evenodd\" d=\"M19.39 14.99l-1.41 1.41L12 10.43 6.02 16.4l-1.41-1.41L12 7.6l7.39 7.39z\"><\/path><\/svg><\/summary><div class=\"wp-block-coblocks-faq-item__answer\" itemprop=\"acceptedAnswer\" itemscope itemtype=\"https:\/\/schema.org\/Answer\"><div itemprop=\"text\">\n<p>Los ingresos elegibles incluyen hogares con ingresos anuales de entre $62,839 y $160,720, seg\u00fan el tama\u00f1o de la familia. Se espera que el gasto mensual promedio de vivienda (incluyendo hipoteca, servicios p\u00fablicos y mantenimiento) se sit\u00fae entre $1,731 y $2,741, seg\u00fan el tama\u00f1o de la unidad y las tasas de inter\u00e9s.<\/p>\n<\/div><\/div><\/details>\n\n\n\n<details class=\"wp-block-coblocks-faq-item\" itemprop=\"mainEntity\" itemscope itemtype=\"https:\/\/schema.org\/Question\"><summary class=\"wp-block-coblocks-faq-item__question\" itemprop=\"name\"><div class=\"wp-block-coblocks-faq-item__question__content\"><br>\u00bfQu\u00e9 es el pago inicial\/pago de hipoteca para las nuevas cooperativas asequibles?<\/div><svg fill=\"none\" viewbox=\"0 0 24 24\" xmlns=\"http:\/\/www.w3.org\/2000\/svg\" width=\"24\" height=\"24\" class=\"wp-block-coblocks-faq-item__question__icon\" aria-hidden=\"true\"><path fill=\"currentColor\" fill-rule=\"evenodd\" clip-rule=\"evenodd\" d=\"M19.39 14.99l-1.41 1.41L12 10.43 6.02 16.4l-1.41-1.41L12 7.6l7.39 7.39z\"><\/path><\/svg><\/summary><div class=\"wp-block-coblocks-faq-item__answer\" itemprop=\"acceptedAnswer\" itemscope itemtype=\"https:\/\/schema.org\/Answer\"><div itemprop=\"text\">\n<p>El enganche es del 5% del precio de venta. Se espera que el pago mensual de la hipoteca sea de entre $944 y $1,541, considerando las tasas de inter\u00e9s actuales.&nbsp;<\/p>\n<\/div><\/div><\/details>\n\n\n\n<details class=\"wp-block-coblocks-faq-item\" itemprop=\"mainEntity\" itemscope itemtype=\"https:\/\/schema.org\/Question\"><summary class=\"wp-block-coblocks-faq-item__question\" itemprop=\"name\"><div class=\"wp-block-coblocks-faq-item__question__content\"><br>\u00bfQui\u00e9n califica para vivir en las nuevas viviendas asequibles para personas mayores?<\/div><svg fill=\"none\" viewbox=\"0 0 24 24\" xmlns=\"http:\/\/www.w3.org\/2000\/svg\" width=\"24\" height=\"24\" class=\"wp-block-coblocks-faq-item__question__icon\" aria-hidden=\"true\"><path fill=\"currentColor\" fill-rule=\"evenodd\" clip-rule=\"evenodd\" d=\"M19.39 14.99l-1.41 1.41L12 10.43 6.02 16.4l-1.41-1.41L12 7.6l7.39 7.39z\"><\/path><\/svg><\/summary><div class=\"wp-block-coblocks-faq-item__answer\" itemprop=\"acceptedAnswer\" itemscope itemtype=\"https:\/\/schema.org\/Answer\"><div itemprop=\"text\">\n<p>El alojamiento para personas mayores en Stevenson Square es para personas mayores de 62 a\u00f1os y que ganan hasta el 50% del AMI.<\/p>\n<\/div><\/div><\/details>\n\n\n\n<details class=\"wp-block-coblocks-faq-item\" itemprop=\"mainEntity\" itemscope itemtype=\"https:\/\/schema.org\/Question\"><summary class=\"wp-block-coblocks-faq-item__question\" itemprop=\"name\"><div class=\"wp-block-coblocks-faq-item__question__content\"><br>\u00bfEl edificio de viviendas para personas mayores vendr\u00e1 amueblado?<\/div><svg fill=\"none\" viewbox=\"0 0 24 24\" xmlns=\"http:\/\/www.w3.org\/2000\/svg\" width=\"24\" height=\"24\" class=\"wp-block-coblocks-faq-item__question__icon\" aria-hidden=\"true\"><path fill=\"currentColor\" fill-rule=\"evenodd\" clip-rule=\"evenodd\" d=\"M19.39 14.99l-1.41 1.41L12 10.43 6.02 16.4l-1.41-1.41L12 7.6l7.39 7.39z\"><\/path><\/svg><\/summary><div class=\"wp-block-coblocks-faq-item__answer\" itemprop=\"acceptedAnswer\" itemscope itemtype=\"https:\/\/schema.org\/Answer\"><div itemprop=\"text\">\n<p>Solamente se amueblar\u00e1n las unidades destinadas para adultos mayores que anteriormente no ten\u00edan hogar.<\/p>\n<\/div><\/div><\/details>\n\n\n\n<details class=\"wp-block-coblocks-faq-item\" itemprop=\"mainEntity\" itemscope itemtype=\"https:\/\/schema.org\/Question\"><summary class=\"wp-block-coblocks-faq-item__question\" itemprop=\"name\"><div class=\"wp-block-coblocks-faq-item__question__content\"><br>\u00bfQui\u00e9n califica para vivir en las nuevas unidades de alquiler asequibles?<\/div><svg fill=\"none\" viewbox=\"0 0 24 24\" xmlns=\"http:\/\/www.w3.org\/2000\/svg\" width=\"24\" height=\"24\" class=\"wp-block-coblocks-faq-item__question__icon\" aria-hidden=\"true\"><path fill=\"currentColor\" fill-rule=\"evenodd\" clip-rule=\"evenodd\" d=\"M19.39 14.99l-1.41 1.41L12 10.43 6.02 16.4l-1.41-1.41L12 7.6l7.39 7.39z\"><\/path><\/svg><\/summary><div class=\"wp-block-coblocks-faq-item__answer\" itemprop=\"acceptedAnswer\" itemscope itemtype=\"https:\/\/schema.org\/Answer\"><div itemprop=\"text\">\n<p>\u00bfQui\u00e9n califica para vivir en las nuevas unidades de alquiler asequibles?<\/p>\n<\/div><\/div><\/details>\n\n\n\n<details class=\"wp-block-coblocks-faq-item\" itemprop=\"mainEntity\" itemscope itemtype=\"https:\/\/schema.org\/Question\"><summary class=\"wp-block-coblocks-faq-item__question\" itemprop=\"name\"><div class=\"wp-block-coblocks-faq-item__question__content\"><br>\u00bfC\u00f3mo conseguir\u00e1n estacionamiento los nuevos residentes?&nbsp;<\/div><svg fill=\"none\" viewbox=\"0 0 24 24\" xmlns=\"http:\/\/www.w3.org\/2000\/svg\" width=\"24\" height=\"24\" class=\"wp-block-coblocks-faq-item__question__icon\" aria-hidden=\"true\"><path fill=\"currentColor\" fill-rule=\"evenodd\" clip-rule=\"evenodd\" d=\"M19.39 14.99l-1.41 1.41L12 10.43 6.02 16.4l-1.41-1.41L12 7.6l7.39 7.39z\"><\/path><\/svg><\/summary><div class=\"wp-block-coblocks-faq-item__answer\" itemprop=\"acceptedAnswer\" itemscope itemtype=\"https:\/\/schema.org\/Answer\"><div itemprop=\"text\">\n<p>Consulta con la administraci\u00f3n de la propiedad para completar una solicitud de estacionamiento. Una vez completado, se le agregar\u00e1 a la lista de espera.&nbsp;<\/p>\n<\/div><\/div><\/details>\n\n\n\n<details class=\"wp-block-coblocks-faq-item\" itemprop=\"mainEntity\" itemscope itemtype=\"https:\/\/schema.org\/Question\"><summary class=\"wp-block-coblocks-faq-item__question\" itemprop=\"name\"><div class=\"wp-block-coblocks-faq-item__question__content\"><br>\u00bfHabr\u00e1 disponibilidad para personas con discapacidad?<\/div><svg fill=\"none\" viewbox=\"0 0 24 24\" xmlns=\"http:\/\/www.w3.org\/2000\/svg\" width=\"24\" height=\"24\" class=\"wp-block-coblocks-faq-item__question__icon\" aria-hidden=\"true\"><path fill=\"currentColor\" fill-rule=\"evenodd\" clip-rule=\"evenodd\" d=\"M19.39 14.99l-1.41 1.41L12 10.43 6.02 16.4l-1.41-1.41L12 7.6l7.39 7.39z\"><\/path><\/svg><\/summary><div class=\"wp-block-coblocks-faq-item__answer\" itemprop=\"acceptedAnswer\" itemscope itemtype=\"https:\/\/schema.org\/Answer\"><div itemprop=\"text\">\n<p>S\u00ed, todos los edificios nuevos se han dise\u00f1ado de conformidad con la Secci\u00f3n 504 de la Ley de Rehabilitaci\u00f3n de 1973 e incluir\u00e1n unidades accesibles para hogares con residentes con discapacidades visuales, auditivas o de movilidad reducida. Las residencias para personas mayores contar\u00e1n con seis unidades para residentes con discapacidades visuales y tres para residentes con discapacidades visuales o auditivas. La cooperativa contar\u00e1 con tres unidades para residentes con discapacidades visuales y dos para residentes con discapacidades visuales o auditivas.<\/p>\n<\/div><\/div><\/details>\n\n\n\n<h4 class=\"wp-block-heading wp-block-coblocks-faq__heading\">Stevenson Commons<\/h4>\n\n\n\n<details class=\"wp-block-coblocks-faq-item\" itemprop=\"mainEntity\" itemscope itemtype=\"https:\/\/schema.org\/Question\"><summary class=\"wp-block-coblocks-faq-item__question\" itemprop=\"name\"><div class=\"wp-block-coblocks-faq-item__question__content\"><br>\u00bfTendr\u00e1n los residentes existentes de Stevenson Commons prioridad\/preferencia de ubicaci\u00f3n en las nuevas unidades asequibles?&nbsp;<\/div><svg fill=\"none\" viewbox=\"0 0 24 24\" xmlns=\"http:\/\/www.w3.org\/2000\/svg\" width=\"24\" height=\"24\" class=\"wp-block-coblocks-faq-item__question__icon\" aria-hidden=\"true\"><path fill=\"currentColor\" fill-rule=\"evenodd\" clip-rule=\"evenodd\" d=\"M19.39 14.99l-1.41 1.41L12 10.43 6.02 16.4l-1.41-1.41L12 7.6l7.39 7.39z\"><\/path><\/svg><\/summary><div class=\"wp-block-coblocks-faq-item__answer\" itemprop=\"acceptedAnswer\" itemscope itemtype=\"https:\/\/schema.org\/Answer\"><div itemprop=\"text\">\n<p>Si bien no se da una prioridad directa a los residentes existentes, se da preferencia a los solicitantes de la cooperativa que actualmente viven dentro de la Junta Comunitaria 9 seg\u00fan lo exigen las Pautas de marketing del HPD.<\/p>\n<\/div><\/div><\/details>\n\n\n\n<details class=\"wp-block-coblocks-faq-item\" itemprop=\"mainEntity\" itemscope itemtype=\"https:\/\/schema.org\/Question\"><summary class=\"wp-block-coblocks-faq-item__question\" itemprop=\"name\"><div class=\"wp-block-coblocks-faq-item__question__content\"><br>\u00bfPodr\u00e1n los residentes actuales de Stevenson Commons utilizar la nueva propiedad?<\/div><svg fill=\"none\" viewbox=\"0 0 24 24\" xmlns=\"http:\/\/www.w3.org\/2000\/svg\" width=\"24\" height=\"24\" class=\"wp-block-coblocks-faq-item__question__icon\" aria-hidden=\"true\"><path fill=\"currentColor\" fill-rule=\"evenodd\" clip-rule=\"evenodd\" d=\"M19.39 14.99l-1.41 1.41L12 10.43 6.02 16.4l-1.41-1.41L12 7.6l7.39 7.39z\"><\/path><\/svg><\/summary><div class=\"wp-block-coblocks-faq-item__answer\" itemprop=\"acceptedAnswer\" itemscope itemtype=\"https:\/\/schema.org\/Answer\"><div itemprop=\"text\">\n<p>Cuando se completen todas las fases de Stevenson Square, incluir\u00e1 servicios al aire libre de acceso p\u00fablico que incluyen espacios abiertos, un patio de juegos sensorial y canchas de tenis completamente nuevas.<\/p>\n<\/div><\/div><\/details>\n\n\n\n<details class=\"wp-block-coblocks-faq-item\" itemprop=\"mainEntity\" itemscope itemtype=\"https:\/\/schema.org\/Question\"><summary class=\"wp-block-coblocks-faq-item__question\" itemprop=\"name\"><div class=\"wp-block-coblocks-faq-item__question__content\"><br>\u00bfC\u00f3mo pueden los residentes actuales obtener m\u00e1s informaci\u00f3n sobre los planes de desarrollo?<\/div><svg fill=\"none\" viewbox=\"0 0 24 24\" xmlns=\"http:\/\/www.w3.org\/2000\/svg\" width=\"24\" height=\"24\" class=\"wp-block-coblocks-faq-item__question__icon\" aria-hidden=\"true\"><path fill=\"currentColor\" fill-rule=\"evenodd\" clip-rule=\"evenodd\" d=\"M19.39 14.99l-1.41 1.41L12 10.43 6.02 16.4l-1.41-1.41L12 7.6l7.39 7.39z\"><\/path><\/svg><\/summary><div class=\"wp-block-coblocks-faq-item__answer\" itemprop=\"acceptedAnswer\" itemscope itemtype=\"https:\/\/schema.org\/Answer\"><div itemprop=\"text\">\n<p>Adem\u00e1s de las reuniones p\u00fablicas peri\u00f3dicas con el equipo de desarrollo, <a href=\"https:\/\/stevensonsquare.info\/es\/\">www.stevensonsquare.info<\/a> se mantendr\u00e1 actualizado con cualquier actualizaci\u00f3n relacionada con oportunidades de empleo, junto con hitos de desarrollo y solicitudes de vivienda.<\/p>\n<\/div><\/div><\/details>\n\n\n\n<details class=\"wp-block-coblocks-faq-item\" itemprop=\"mainEntity\" itemscope itemtype=\"https:\/\/schema.org\/Question\"><summary class=\"wp-block-coblocks-faq-item__question\" itemprop=\"name\"><div class=\"wp-block-coblocks-faq-item__question__content\"><br>\u00bfQu\u00e9 tipo de inversi\u00f3n se realizar\u00e1 para mejorar las unidades existentes de Stevenson Commons?&nbsp;<\/div><svg fill=\"none\" viewbox=\"0 0 24 24\" xmlns=\"http:\/\/www.w3.org\/2000\/svg\" width=\"24\" height=\"24\" class=\"wp-block-coblocks-faq-item__question__icon\" aria-hidden=\"true\"><path fill=\"currentColor\" fill-rule=\"evenodd\" clip-rule=\"evenodd\" d=\"M19.39 14.99l-1.41 1.41L12 10.43 6.02 16.4l-1.41-1.41L12 7.6l7.39 7.39z\"><\/path><\/svg><\/summary><div class=\"wp-block-coblocks-faq-item__answer\" itemprop=\"acceptedAnswer\" itemscope itemtype=\"https:\/\/schema.org\/Answer\"><div itemprop=\"text\">\n<p>Tras la entrega de unidades, se realizan mejoras y actualizaciones en las unidades existentes. Se espera que la sustituci\u00f3n de los corredores de acceso se realice a principios de 2025.<\/p>\n<\/div><\/div><\/details>\n\n\n\n<details class=\"wp-block-coblocks-faq-item\" itemprop=\"mainEntity\" itemscope itemtype=\"https:\/\/schema.org\/Question\"><summary class=\"wp-block-coblocks-faq-item__question\" itemprop=\"name\"><div class=\"wp-block-coblocks-faq-item__question__content\"><br>\u00bfCu\u00e1les son los planes para garantizar la seguridad con la afluencia de nuevos residentes?<\/div><svg fill=\"none\" viewbox=\"0 0 24 24\" xmlns=\"http:\/\/www.w3.org\/2000\/svg\" width=\"24\" height=\"24\" class=\"wp-block-coblocks-faq-item__question__icon\" aria-hidden=\"true\"><path fill=\"currentColor\" fill-rule=\"evenodd\" clip-rule=\"evenodd\" d=\"M19.39 14.99l-1.41 1.41L12 10.43 6.02 16.4l-1.41-1.41L12 7.6l7.39 7.39z\"><\/path><\/svg><\/summary><div class=\"wp-block-coblocks-faq-item__answer\" itemprop=\"acceptedAnswer\" itemscope itemtype=\"https:\/\/schema.org\/Answer\"><div itemprop=\"text\">\n<p>Durante la construcci\u00f3n se tomar\u00e1n medidas de seguridad adicionales para garantizar que los residentes sigan sinti\u00e9ndose seguros durante este tiempo de interrupci\u00f3n. Comun\u00edquese con la administraci\u00f3n de la propiedad si tiene alg\u00fan problema de seguridad durante este tiempo.&nbsp;<\/p>\n<\/div><\/div><\/details>\n\n\n\n<h4 class=\"wp-block-heading wp-block-coblocks-faq__heading\">Construction<\/h4>\n\n\n\n<details class=\"wp-block-coblocks-faq-item\" itemprop=\"mainEntity\" itemscope itemtype=\"https:\/\/schema.org\/Question\"><summary class=\"wp-block-coblocks-faq-item__question\" itemprop=\"name\"><div class=\"wp-block-coblocks-faq-item__question__content\"><br>\u00bfCu\u00e1ndo comenzar\u00e1 la construcci\u00f3n y por cu\u00e1nto tiempo?<\/div><svg fill=\"none\" viewbox=\"0 0 24 24\" xmlns=\"http:\/\/www.w3.org\/2000\/svg\" width=\"24\" height=\"24\" class=\"wp-block-coblocks-faq-item__question__icon\" aria-hidden=\"true\"><path fill=\"currentColor\" fill-rule=\"evenodd\" clip-rule=\"evenodd\" d=\"M19.39 14.99l-1.41 1.41L12 10.43 6.02 16.4l-1.41-1.41L12 7.6l7.39 7.39z\"><\/path><\/svg><\/summary><div class=\"wp-block-coblocks-faq-item__answer\" itemprop=\"acceptedAnswer\" itemscope itemtype=\"https:\/\/schema.org\/Answer\"><div itemprop=\"text\">\n<p>La construcci\u00f3n comenz\u00f3 a principios de 2024 y continuar\u00e1 por fases en toda la propiedad. Prevemos que la primera fase de construcci\u00f3n (viviendas para personas mayores y cooperativas asequibles) finalizar\u00e1 en oto\u00f1o de 2025. Se espera que la construcci\u00f3n de la segunda fase (unidades de alquiler asequible) comience en 2026. El equipo de construcci\u00f3n informar\u00e1 peri\u00f3dicamente a los residentes sobre cualquier cambio en el cronograma de este proyecto.<\/p>\n<\/div><\/div><\/details>\n\n\n\n<details class=\"wp-block-coblocks-faq-item\" itemprop=\"mainEntity\" itemscope itemtype=\"https:\/\/schema.org\/Question\"><summary class=\"wp-block-coblocks-faq-item__question\" itemprop=\"name\"><div class=\"wp-block-coblocks-faq-item__question__content\"><br>\u00bfQu\u00e9 impactos pueden esperar los residentes de Stevenson Commons durante la construcci\u00f3n?<\/div><svg fill=\"none\" viewbox=\"0 0 24 24\" xmlns=\"http:\/\/www.w3.org\/2000\/svg\" width=\"24\" height=\"24\" class=\"wp-block-coblocks-faq-item__question__icon\" aria-hidden=\"true\"><path fill=\"currentColor\" fill-rule=\"evenodd\" clip-rule=\"evenodd\" d=\"M19.39 14.99l-1.41 1.41L12 10.43 6.02 16.4l-1.41-1.41L12 7.6l7.39 7.39z\"><\/path><\/svg><\/summary><div class=\"wp-block-coblocks-faq-item__answer\" itemprop=\"acceptedAnswer\" itemscope itemtype=\"https:\/\/schema.org\/Answer\"><div itemprop=\"text\">\n<p>Durante el horario de construcci\u00f3n, normalmente de 7 a. m. a 6 p. m. de lunes a viernes, los residentes pueden esperar un mayor nivel de ruido y actividad en todas las zonas de construcci\u00f3n.<\/p>\n<\/div><\/div><\/details>\n\n\n\n<details class=\"wp-block-coblocks-faq-item\" itemprop=\"mainEntity\" itemscope itemtype=\"https:\/\/schema.org\/Question\"><summary class=\"wp-block-coblocks-faq-item__question\" itemprop=\"name\"><div class=\"wp-block-coblocks-faq-item__question__content\"><br>\u00bfCu\u00e1les son los planes para garantizar la seguridad durante la construcci\u00f3n? \u00bfC\u00f3mo se manejar\u00e1n los materiales peligrosos?<\/div><svg fill=\"none\" viewbox=\"0 0 24 24\" xmlns=\"http:\/\/www.w3.org\/2000\/svg\" width=\"24\" height=\"24\" class=\"wp-block-coblocks-faq-item__question__icon\" aria-hidden=\"true\"><path fill=\"currentColor\" fill-rule=\"evenodd\" clip-rule=\"evenodd\" d=\"M19.39 14.99l-1.41 1.41L12 10.43 6.02 16.4l-1.41-1.41L12 7.6l7.39 7.39z\"><\/path><\/svg><\/summary><div class=\"wp-block-coblocks-faq-item__answer\" itemprop=\"acceptedAnswer\" itemscope itemtype=\"https:\/\/schema.org\/Answer\"><div itemprop=\"text\">\n<p>El equipo de construcci\u00f3n cuenta con d\u00e9cadas de experiencia en proyectos similares y mantener los est\u00e1ndares de salud y seguridad sigue siendo su principal prioridad. Durante la construcci\u00f3n, habr\u00e1 seguridad 24\/7, incluyendo dos casetas de vigilancia independientes y c\u00e1maras de seguridad adicionales. El terreno tambi\u00e9n estar\u00e1 vallado para la seguridad de todos los residentes.&nbsp;<\/p>\n<\/div><\/div><\/details>\n\n\n\n<details class=\"wp-block-coblocks-faq-item\" itemprop=\"mainEntity\" itemscope itemtype=\"https:\/\/schema.org\/Question\"><summary class=\"wp-block-coblocks-faq-item__question\" itemprop=\"name\"><div class=\"wp-block-coblocks-faq-item__question__content\"><br>\u00bfC\u00f3mo controlar\u00e1 la obra los roedores?<\/div><svg fill=\"none\" viewbox=\"0 0 24 24\" xmlns=\"http:\/\/www.w3.org\/2000\/svg\" width=\"24\" height=\"24\" class=\"wp-block-coblocks-faq-item__question__icon\" aria-hidden=\"true\"><path fill=\"currentColor\" fill-rule=\"evenodd\" clip-rule=\"evenodd\" d=\"M19.39 14.99l-1.41 1.41L12 10.43 6.02 16.4l-1.41-1.41L12 7.6l7.39 7.39z\"><\/path><\/svg><\/summary><div class=\"wp-block-coblocks-faq-item__answer\" itemprop=\"acceptedAnswer\" itemscope itemtype=\"https:\/\/schema.org\/Answer\"><div itemprop=\"text\">\n<p>El equipo de construcci\u00f3n se compromete a tomar todas las medidas necesarias para mitigar el posible aumento en la actividad de los roedores. Esto incluye contratar un exterminador e instalar estaciones de cebo adicionales en toda la propiedad durante la construcci\u00f3n.&nbsp;<\/p>\n<\/div><\/div><\/details>\n\n\n\n<details class=\"wp-block-coblocks-faq-item\" itemprop=\"mainEntity\" itemscope itemtype=\"https:\/\/schema.org\/Question\"><summary class=\"wp-block-coblocks-faq-item__question\" itemprop=\"name\"><div class=\"wp-block-coblocks-faq-item__question__content\"><br>\u00bfC\u00f3mo se controlar\u00e1 el acceso a las instalaciones de Stevenson (es decir, qu\u00e9 puertas de estacionamiento estar\u00e1n abiertas) durante la construcci\u00f3n?<\/div><svg fill=\"none\" viewbox=\"0 0 24 24\" xmlns=\"http:\/\/www.w3.org\/2000\/svg\" width=\"24\" height=\"24\" class=\"wp-block-coblocks-faq-item__question__icon\" aria-hidden=\"true\"><path fill=\"currentColor\" fill-rule=\"evenodd\" clip-rule=\"evenodd\" d=\"M19.39 14.99l-1.41 1.41L12 10.43 6.02 16.4l-1.41-1.41L12 7.6l7.39 7.39z\"><\/path><\/svg><\/summary><div class=\"wp-block-coblocks-faq-item__answer\" itemprop=\"acceptedAnswer\" itemscope itemtype=\"https:\/\/schema.org\/Answer\"><div itemprop=\"text\">\n<p>La puerta de estacionamiento en Lafayette Ave ser\u00e1 accesible para los residentes a quienes se les haya otorgado estacionamiento.&nbsp;<\/p>\n<\/div><\/div><\/details>\n<\/div>\n\n\n\n<p><\/p>","protected":false},"excerpt":{"rendered":"<p>preguntas frecuentes<\/p>","protected":false},"author":1,"featured_media":0,"parent":0,"menu_order":0,"comment_status":"closed","ping_status":"closed","template":"","meta":{"_coblocks_attr":"","_coblocks_dimensions":"","_coblocks_responsive_height":"","_coblocks_accordion_ie_support":"","hide_page_title":"","footnotes":""},"class_list":["post-137","page","type-page","status-publish","hentry"],"jetpack_sharing_enabled":true,"_links":{"self":[{"href":"https:\/\/stevensonsquare.info\/es\/wp-json\/wp\/v2\/pages\/137","targetHints":{"allow":["GET"]}}],"collection":[{"href":"https:\/\/stevensonsquare.info\/es\/wp-json\/wp\/v2\/pages"}],"about":[{"href":"https:\/\/stevensonsquare.info\/es\/wp-json\/wp\/v2\/types\/page"}],"author":[{"embeddable":true,"href":"https:\/\/stevensonsquare.info\/es\/wp-json\/wp\/v2\/users\/1"}],"replies":[{"embeddable":true,"href":"https:\/\/stevensonsquare.info\/es\/wp-json\/wp\/v2\/comments?post=137"}],"version-history":[{"count":12,"href":"https:\/\/stevensonsquare.info\/es\/wp-json\/wp\/v2\/pages\/137\/revisions"}],"predecessor-version":[{"id":355,"href":"https:\/\/stevensonsquare.info\/es\/wp-json\/wp\/v2\/pages\/137\/revisions\/355"}],"wp:attachment":[{"href":"https:\/\/stevensonsquare.info\/es\/wp-json\/wp\/v2\/media?parent=137"}],"curies":[{"name":"wp","href":"https:\/\/api.w.org\/{rel}","templated":true}]}}