{"id":144,"date":"2023-08-02T19:18:31","date_gmt":"2023-08-02T19:18:31","guid":{"rendered":"https:\/\/stevensonsquare.info\/?page_id=144"},"modified":"2025-03-18T22:48:18","modified_gmt":"2025-03-18T22:48:18","slug":"our-team","status":"publish","type":"page","link":"https:\/\/stevensonsquare.info\/es\/our-team\/","title":{"rendered":"Nuestro equipo"},"content":{"rendered":"<h1 class=\"wp-block-heading has-text-align-center\">Nuestro equipo<\/h1>\n\n\n\n<p class=\"has-text-align-center has-large-font-size\">Stevenson Square est\u00e1 siendo desarrollado por Camber Property Group y sus socios comunitarios establecidos. <\/p>\n\n\n\n<p><\/p>\n\n\n\n<h4 class=\"wp-block-heading\">Camber Property Group<\/h4>\n\n\n\n<figure class=\"wp-block-image size-full is-resized\"><img loading=\"lazy\" decoding=\"async\" width=\"1171\" height=\"267\" src=\"https:\/\/stevensonsquare.info\/wp-content\/uploads\/2025\/03\/camberlogo_highrez.png\" alt=\"\" class=\"wp-image-304\" style=\"width:364px;height:auto\" srcset=\"https:\/\/stevensonsquare.info\/wp-content\/uploads\/2025\/03\/camberlogo_highrez.png 1171w, https:\/\/stevensonsquare.info\/wp-content\/uploads\/2025\/03\/camberlogo_highrez-300x68.png 300w, https:\/\/stevensonsquare.info\/wp-content\/uploads\/2025\/03\/camberlogo_highrez-1024x233.png 1024w, https:\/\/stevensonsquare.info\/wp-content\/uploads\/2025\/03\/camberlogo_highrez-768x175.png 768w, https:\/\/stevensonsquare.info\/wp-content\/uploads\/2025\/03\/camberlogo_highrez-18x4.png 18w\" sizes=\"auto, (max-width: 1171px) 100vw, 1171px\" \/><\/figure>\n\n\n\n<p>Desde su fundaci\u00f3n a principios de 2016, Camber Property Group se ha convertido en un l\u00edder en el desarrollo de viviendas asequibles en la ciudad de Nueva York. Camber se compromete a brindar entornos de vida de alta calidad que sean accesibles para los residentes de la ciudad de Nueva York y trabaja en estrecha colaboraci\u00f3n con agencias de la ciudad y organizaciones comunitarias para lograrlo. Para Camber, un desarrollo inmobiliario reflexivo implica una serie de decisiones entrelazadas que tienen efectos positivos duraderos en las comunidades a las que sirve.&nbsp;<\/p>\n\n\n\n<div class=\"wp-block-buttons is-layout-flex wp-block-buttons-is-layout-flex\">\n<div class=\"wp-block-button\"><a class=\"wp-block-button__link wp-element-button\" href=\"http:\/\/www.camberpg.com\/\" target=\"_blank\" rel=\"noreferrer noopener\">visita el sitio web<\/a><\/div>\n<\/div>\n\n\n\n<h2 class=\"wp-block-heading\">Socios adicionales<\/h2>\n\n\n\n<p><\/p>\n\n\n\n<h4 class=\"wp-block-heading\">Urban Atelier Group<\/h4>\n\n\n\n<figure class=\"wp-block-image size-full is-resized\"><img loading=\"lazy\" decoding=\"async\" width=\"278\" height=\"132\" src=\"https:\/\/stevensonsquare.info\/wp-content\/uploads\/2023\/12\/image-2.png\" alt=\"\" class=\"wp-image-166\" style=\"width:175px;height:auto\" srcset=\"https:\/\/stevensonsquare.info\/wp-content\/uploads\/2023\/12\/image-2.png 278w, https:\/\/stevensonsquare.info\/wp-content\/uploads\/2023\/12\/image-2-18x9.png 18w\" sizes=\"auto, (max-width: 278px) 100vw, 278px\" \/><\/figure>\n\n\n\n<p>Urban Atelier Group (\u201cUAG\u201d) est\u00e1 compuesto por profesionales de la construcci\u00f3n dedicados con amplia experiencia en ofrecer conocimientos innovadores en cada etapa del proceso de construcci\u00f3n. En 2021, UAG complet\u00f3 la nueva construcci\u00f3n de un proyecto de alquiler asequible de 136 unidades para personas mayores en Harlem. Actualmente, UAG est\u00e1 supervisando la construcci\u00f3n en Beach Channel Drive, la ubicaci\u00f3n conjunta de un proyecto de vivienda de apoyo de 147 unidades y un refugio para mujeres solteras de 100 camas en Far Rockaway, Queens.<\/p>\n\n\n\n<div class=\"wp-block-buttons is-layout-flex wp-block-buttons-is-layout-flex\">\n<div class=\"wp-block-button\"><a class=\"wp-block-button__link wp-element-button\" href=\"https:\/\/www.uag.nyc\/\" target=\"_blank\" rel=\"noreferrer noopener\">visita el sitio web<\/a><\/div>\n<\/div>\n\n\n\n<h4 class=\"wp-block-heading\">Dolphin Property Services<\/h4>\n\n\n\n<figure class=\"wp-block-image size-full is-resized\"><img loading=\"lazy\" decoding=\"async\" width=\"390\" height=\"164\" src=\"https:\/\/stevensonsquare.info\/wp-content\/uploads\/2023\/12\/image-3.png\" alt=\"\" class=\"wp-image-168\" style=\"width:191px;height:auto\" srcset=\"https:\/\/stevensonsquare.info\/wp-content\/uploads\/2023\/12\/image-3.png 390w, https:\/\/stevensonsquare.info\/wp-content\/uploads\/2023\/12\/image-3-300x126.png 300w, https:\/\/stevensonsquare.info\/wp-content\/uploads\/2023\/12\/image-3-18x8.png 18w\" sizes=\"auto, (max-width: 390px) 100vw, 390px\" \/><\/figure>\n\n\n\n<p>Dolphin Property Services (\u201cDPS\u201d) se fund\u00f3 en 2011 y administra una cartera de 11 propiedades de vivienda asequible con m\u00e1s de 1,800 unidades y 85 espacios comerciales. Especializado en viviendas asequibles, DPS mantiene una filosof\u00eda basada en la sostenibilidad f\u00edsica y la calidad de vida de los residentes, con un enfoque en la comunicaci\u00f3n proactiva y la resoluci\u00f3n de problemas para fomentar relaciones saludables con los inquilinos.<\/p>\n\n\n\n<div class=\"wp-block-buttons is-layout-flex wp-block-buttons-is-layout-flex\">\n<div class=\"wp-block-button\"><a class=\"wp-block-button__link wp-element-button\" href=\"https:\/\/www.dolphinps.com\/\" target=\"_blank\" rel=\"noreferrer noopener\">visita el sitio web<\/a><\/div>\n<\/div>\n\n\n\n<h4 class=\"wp-block-heading\">Habitat For Humanity<\/h4>\n\n\n\n<figure class=\"wp-block-image size-large is-resized\"><img loading=\"lazy\" decoding=\"async\" width=\"1024\" height=\"538\" src=\"https:\/\/stevensonsquare.info\/wp-content\/uploads\/2023\/12\/image-5-1024x538.png\" alt=\"\" class=\"wp-image-171\" style=\"width:267px;height:auto\" srcset=\"https:\/\/stevensonsquare.info\/wp-content\/uploads\/2023\/12\/image-5-1024x538.png 1024w, https:\/\/stevensonsquare.info\/wp-content\/uploads\/2023\/12\/image-5-300x158.png 300w, https:\/\/stevensonsquare.info\/wp-content\/uploads\/2023\/12\/image-5-768x403.png 768w, https:\/\/stevensonsquare.info\/wp-content\/uploads\/2023\/12\/image-5-18x9.png 18w, https:\/\/stevensonsquare.info\/wp-content\/uploads\/2023\/12\/image-5.png 1200w\" sizes=\"auto, (max-width: 1024px) 100vw, 1024px\" \/><\/figure>\n\n\n\n<p>Habitat for Humanity es una organizaci\u00f3n promotora y de justicia de vivienda sin fines de lucro que construye una Nueva York m\u00e1s equitativa mediante la creaci\u00f3n, la preservaci\u00f3n y la promoci\u00f3n para que las familias tengan oportunidades de generar valor a trav\u00e9s de la propiedad de vivienda asequible. Habitat NYC y Westchester ha prestado servicios a m\u00e1s de 2400 familias en los cinco condados mediante la construcci\u00f3n y preservaci\u00f3n de viviendas.<\/p>\n\n\n\n<div class=\"wp-block-buttons is-layout-flex wp-block-buttons-is-layout-flex\">\n<div class=\"wp-block-button\"><a class=\"wp-block-button__link wp-element-button\" href=\"https:\/\/habitatnycwc.org\/\" target=\"_blank\" rel=\"noreferrer noopener\">visita el sitio web<\/a><\/div>\n<\/div>\n\n\n\n<h4 class=\"wp-block-heading\">RAIN<\/h4>\n\n\n\n<figure class=\"wp-block-image size-full is-resized\"><img loading=\"lazy\" decoding=\"async\" width=\"300\" height=\"150\" src=\"https:\/\/stevensonsquare.info\/wp-content\/uploads\/2023\/12\/image-6.png\" alt=\"\" class=\"wp-image-173\" style=\"width:183px;height:auto\" srcset=\"https:\/\/stevensonsquare.info\/wp-content\/uploads\/2023\/12\/image-6.png 300w, https:\/\/stevensonsquare.info\/wp-content\/uploads\/2023\/12\/image-6-18x9.png 18w\" sizes=\"auto, (max-width: 300px) 100vw, 300px\" \/><\/figure>\n\n\n\n<p>Founded in 1964, Regional Aid for Interim Needs (\u201cR.A.I.N.\u201d) is a multi-social service agency offering a myriad of services with a focus on the provision of continuum of care that includes a range of services for seniors and people with disabilities. R.A.I.N. has been dedicated to the provision of supportive services in a wide range of capacities for underserved populations promoting housing stability and healthy aging in place.&nbsp; R.A.I.N. has twelve Bronx-based and one Manhattan-based full-service neighborhood senior centers, home-delivered meals to homebound elderly, transportation services, assistance with benefits and entitlements, case management and elder abuse services.<\/p>\n\n\n\n<div class=\"wp-block-buttons is-layout-flex wp-block-buttons-is-layout-flex\">\n<div class=\"wp-block-button\"><a class=\"wp-block-button__link wp-element-button\" href=\"https:\/\/www.raininc.org\/\" target=\"_blank\" rel=\"noreferrer noopener\">visita el sitio web<\/a><\/div>\n<\/div>","protected":false},"excerpt":{"rendered":"<p>Our Team Stevenson Square is being developed by Camber Property Group and its established community partners. Camber Property Group Since their founding in early 2016, Camber Property Group, has become a leader in New York City affordable housing development. Camber is committed to bringing high-quality living environments that are accessible to the residents of New [&hellip;]<\/p>\n","protected":false},"author":1,"featured_media":0,"parent":0,"menu_order":0,"comment_status":"closed","ping_status":"closed","template":"","meta":{"_coblocks_attr":"","_coblocks_dimensions":"","_coblocks_responsive_height":"","_coblocks_accordion_ie_support":"","hide_page_title":"","footnotes":""},"class_list":["post-144","page","type-page","status-publish","hentry"],"jetpack_sharing_enabled":true,"_links":{"self":[{"href":"https:\/\/stevensonsquare.info\/es\/wp-json\/wp\/v2\/pages\/144","targetHints":{"allow":["GET"]}}],"collection":[{"href":"https:\/\/stevensonsquare.info\/es\/wp-json\/wp\/v2\/pages"}],"about":[{"href":"https:\/\/stevensonsquare.info\/es\/wp-json\/wp\/v2\/types\/page"}],"author":[{"embeddable":true,"href":"https:\/\/stevensonsquare.info\/es\/wp-json\/wp\/v2\/users\/1"}],"replies":[{"embeddable":true,"href":"https:\/\/stevensonsquare.info\/es\/wp-json\/wp\/v2\/comments?post=144"}],"version-history":[{"count":9,"href":"https:\/\/stevensonsquare.info\/es\/wp-json\/wp\/v2\/pages\/144\/revisions"}],"predecessor-version":[{"id":305,"href":"https:\/\/stevensonsquare.info\/es\/wp-json\/wp\/v2\/pages\/144\/revisions\/305"}],"wp:attachment":[{"href":"https:\/\/stevensonsquare.info\/es\/wp-json\/wp\/v2\/media?parent=144"}],"curies":[{"name":"wp","href":"https:\/\/api.w.org\/{rel}","templated":true}]}}