{"id":246,"date":"2024-01-17T17:42:24","date_gmt":"2024-01-17T17:42:24","guid":{"rendered":"https:\/\/stevensonsquare.info\/?page_id=246"},"modified":"2024-01-17T22:41:36","modified_gmt":"2024-01-17T22:41:36","slug":"safety-measures","status":"publish","type":"page","link":"https:\/\/stevensonsquare.info\/es\/resources\/safety-measures\/","title":{"rendered":"Medidas de seguridad"},"content":{"rendered":"<h2 class=\"wp-block-heading has-text-align-center\">Medidas de seguridad<\/h2>\n\n\n\n<p>Toda la construcci\u00f3n, incluidas las medidas de mitigaci\u00f3n y seguridad, se realizar\u00e1 con permisos aprobados por el Departamento de Construcci\u00f3n de acuerdo con el C\u00f3digo de Construcci\u00f3n de la Ciudad de NYC.<\/p>\n\n\n\n<p><\/p>\n\n\n\n<h4 class=\"wp-block-heading\">Mitigaci\u00f3n de ruido<\/h4>\n\n\n\n<ul class=\"wp-block-list\">\n<li>Todas las herramientas y equipos se mantendr\u00e1n en condiciones de funcionamiento adecuadas.<\/li>\n\n\n\n<li>Cualquier equipo de construcci\u00f3n que produzca sonidos fuertes, como generadores, estar\u00e1 cerrado para reducir los niveles de ruido.<\/li>\n\n\n\n<li>Los equipos grandes se apagar\u00e1n cuando no est\u00e9n en uso.<\/li>\n\n\n\n<li>Los trabajos s\u00f3lo se realizar\u00e1n durante el horario permitido.<ul><li>El horario normal de trabajo es de 7 am a 6 pm, de lunes a viernes.<\/li><\/ul>\n<ul class=\"wp-block-list\">\n<li>El contratista solicitar\u00e1 permisos de variaci\u00f3n fuera del horario laboral del Departamento de Edificios para cualquier trabajo que deba realizarse fuera del horario laboral normal.<\/li>\n<\/ul>\n<\/li>\n<\/ul>\n\n\n\n<h4 class=\"wp-block-heading\">Mitigaci\u00f3n del polvo<\/h4>\n\n\n\n<ul class=\"wp-block-list\">\n<li>Se rociar\u00e1n o rociar\u00e1n grandes montones de escombros o tierra con agua para evitar que el viento levante polvo.<\/li>\n\n\n\n<li>Los veh\u00edculos que transporten escombros de construcci\u00f3n estar\u00e1n cubiertos mientras est\u00e9n en movimiento.<\/li>\n\n\n\n<li>Los veh\u00edculos que entren y salgan del sitio circular\u00e1n a baja velocidad para evitar que el viento arroje polvo.<\/li>\n<\/ul>\n\n\n\n<h4 class=\"wp-block-heading\">Mitigaci\u00f3n de roedores<\/h4>\n\n\n\n<ul class=\"wp-block-list\">\n<li>El contratista contratar\u00e1 a un exterminador para realizar un recorrido por el sitio antes de que comience la excavaci\u00f3n.<\/li>\n\n\n\n<li>El exterminador colocar\u00e1 trampas de cebo y otras medidas de control despu\u00e9s de realizar el recorrido.<\/li>\n\n\n\n<li>El exterminador realizar\u00e1 un mantenimiento peri\u00f3dico durante la construcci\u00f3n para determinar si se necesitan medidas de exterminio adicionales.<\/li>\n<\/ul>","protected":false},"excerpt":{"rendered":"<p>Safety Measures All construction, including mitigation and safety measures, will be performed with approved permits from the Department of Building in accordance with NYC Building Code. Noise Mitigation Dust Mitigation Rodent Mitigation<\/p>","protected":false},"author":1,"featured_media":0,"parent":135,"menu_order":2,"comment_status":"closed","ping_status":"closed","template":"","meta":{"_coblocks_attr":"","_coblocks_dimensions":"","_coblocks_responsive_height":"","_coblocks_accordion_ie_support":"","hide_page_title":"","footnotes":""},"class_list":["post-246","page","type-page","status-publish","hentry"],"jetpack_sharing_enabled":true,"_links":{"self":[{"href":"https:\/\/stevensonsquare.info\/es\/wp-json\/wp\/v2\/pages\/246","targetHints":{"allow":["GET"]}}],"collection":[{"href":"https:\/\/stevensonsquare.info\/es\/wp-json\/wp\/v2\/pages"}],"about":[{"href":"https:\/\/stevensonsquare.info\/es\/wp-json\/wp\/v2\/types\/page"}],"author":[{"embeddable":true,"href":"https:\/\/stevensonsquare.info\/es\/wp-json\/wp\/v2\/users\/1"}],"replies":[{"embeddable":true,"href":"https:\/\/stevensonsquare.info\/es\/wp-json\/wp\/v2\/comments?post=246"}],"version-history":[{"count":4,"href":"https:\/\/stevensonsquare.info\/es\/wp-json\/wp\/v2\/pages\/246\/revisions"}],"predecessor-version":[{"id":250,"href":"https:\/\/stevensonsquare.info\/es\/wp-json\/wp\/v2\/pages\/246\/revisions\/250"}],"up":[{"embeddable":true,"href":"https:\/\/stevensonsquare.info\/es\/wp-json\/wp\/v2\/pages\/135"}],"wp:attachment":[{"href":"https:\/\/stevensonsquare.info\/es\/wp-json\/wp\/v2\/media?parent=246"}],"curies":[{"name":"wp","href":"https:\/\/api.w.org\/{rel}","templated":true}]}}